{"id":25349,"date":"2026-01-28T05:53:51","date_gmt":"2026-01-28T05:53:51","guid":{"rendered":"https:\/\/47prayer.com\/?post_type=product&#038;p=25349"},"modified":"2026-01-28T06:47:40","modified_gmt":"2026-01-28T06:47:40","slug":"%ec%9d%80%ec%83%89-%ec%bb%ac%eb%9f%ac-%eb%a0%88%ec%9d%b4%ec%8a%a4-%ed%8c%8c%ed%8b%b0-%eb%a7%88%ec%8a%a4%ed%81%ac-%ea%b0%80%eb%a9%b4-%ec%86%8c%ed%92%88-%ed%95%a0%eb%a1%9c%ec%9c%88-%ed%96%89%ec%82%ac","status":"publish","type":"product","link":"https:\/\/47prayer.com\/?product=%ec%9d%80%ec%83%89-%ec%bb%ac%eb%9f%ac-%eb%a0%88%ec%9d%b4%ec%8a%a4-%ed%8c%8c%ed%8b%b0-%eb%a7%88%ec%8a%a4%ed%81%ac-%ea%b0%80%eb%a9%b4-%ec%86%8c%ed%92%88-%ed%95%a0%eb%a1%9c%ec%9c%88-%ed%96%89%ec%82%ac","title":{"rendered":"\uc740\uc0c9 \uceec\ub7ec \ub808\uc774\uc2a4 \ud30c\ud2f0 \ub9c8\uc2a4\ud06c \/ \uac00\uba74 \uc18c\ud488 \ud560\ub85c\uc708 \ud589\uc0ac \ucd95\uc81c"},"content":{"rendered":"<h2 style=\"text-align: center;\">\uc740\uc0c9 \uceec\ub7ec \ub808\uc774\uc2a4 \ud30c\ud2f0 \ub9c8\uc2a4\ud06c \/ \uac00\uba74 \uc18c\ud488 \ud560\ub85c\uc708 \ud589\uc0ac \ucd95\uc81c<\/h2>\n<p>&nbsp;<\/p>\n<p style=\"text-align: center;\" data-start=\"339\" data-end=\"451\">\ud560\ub85c\uc708 \ub370\uc774, \ud30c\ud2f0, \ucd2c\uc601 \ub4f1 \ub2e4\uc591\ud55c \uc0c1\ud669\uc5d0\uc11c \ud65c\uc6a9\ud558\uae30 \uc88b\uc740 \ub808\uc774\uc2a4 \uc544\uc774\ub9c8\uc2a4\ud06c \uac00\uba74\uc785\ub2c8\ub2e4. \uc12c\uc138\ud55c \ub808\uc774\uc2a4 \ud328\ud134 \ub514\uc790\uc778\uc73c\ub85c \uc5bc\uad74\uc5d0 \ud3ec\uc778\ud2b8\ub97c \ub354\ud574\uc8fc\uba70, \ucc29\uc6a9\ub9cc\uc73c\ub85c\ub3c4 \ub3c5\ud2b9\ud55c \ubd84\uc704\uae30\ub97c \uc5f0\ucd9c\ud560 \uc218 \uc788\uc2b5\ub2c8\ub2e4.<\/p>\n<p style=\"text-align: center;\" data-start=\"453\" data-end=\"515\">\ud14c\ub9c8\ud30c\ud2f0, \ucf54\uc2a4\ud2ac \uc774\ubca4\ud2b8, \ud560\ub85c\uc708 \ud589\uc0ac\ubfd0 \uc544\ub2c8\ub77c \ucee8\uc149 \ucd2c\uc601\uc774\ub098 \uc18c\ud488\uc6a9\uc73c\ub85c\ub3c4 \ud65c\uc6a9\ud558\uae30 \uc88b\uc544 \uc2e4\uc6a9\uc131\uc774 \ub192\uc2b5\ub2c8\ub2e4.<\/p>\n<p style=\"text-align: center;\" data-start=\"517\" data-end=\"592\">\uac00\ubcbc\uc6b4 \ucc9c \uc18c\uc7ac\ub85c \uc81c\uc791\ub418\uc5b4 \uc7a5\uc2dc\uac04 \ucc29\uc6a9\ud574\ub3c4 \ubd80\ub2f4\uc774 \uc801\uc73c\uba70, \uc591\ucabd \ub048\uc73c\ub85c \uace0\uc815\ud558\ub294 \ubc29\uc2dd\uc73c\ub85c \uc5bc\uad74\uc5d0 \ub9de\uac8c \uc870\uc808\ud558\uc5ec \uc0ac\uc6a9\ud560 \uc218 \uc788\uc2b5\ub2c8\ub2e4.<\/p>\n<p style=\"text-align: center;\" data-start=\"594\" data-end=\"629\">\ub2e4\uc591\ud55c \uceec\ub7ec \uad6c\uc131\uc73c\ub85c \uc758\uc0c1\uc774\ub098 \ubd84\uc704\uae30\uc5d0 \ub9de\ucdb0 \uc120\ud0dd\uc774 \uac00\ub2a5\ud569\ub2c8\ub2e4.<\/p>\n<p>&nbsp;<\/p>\n<p style=\"text-align: center;\" data-start=\"594\" data-end=\"629\">\ub048*\uba54\uc778\uac00\uba74*\ub048 = 26*21*26<br \/>\n\uc67c\ucabd*\uc624\ub978\ucabd = 10*15<\/p>\n<p>&nbsp;<\/p>\n<h2 style=\"text-align: center;\" data-start=\"0\" data-end=\"87\">Silver Color Lace Party Mask \/ Costume Mask for Halloween Events &amp; Festivals<\/h2>\n<p>&nbsp;<\/p>\n<p style=\"text-align: center;\" data-start=\"89\" data-end=\"319\">This lace eye mask is suitable for use in various situations such as Halloween Day, parties, and photo shoots.<br data-start=\"199\" data-end=\"202\" \/>The delicate lace pattern design adds a focal point to the face and creates a unique atmosphere simply by wearing it.<\/p>\n<p style=\"text-align: center;\" data-start=\"321\" data-end=\"455\">It is highly practical for theme parties, costume events, and Halloween celebrations, as well as for concept photography and prop use.<\/p>\n<p style=\"text-align: center;\" data-start=\"457\" data-end=\"663\">Made from lightweight fabric material, it can be worn comfortably without discomfort even for extended periods.<br data-start=\"568\" data-end=\"571\" \/>The mask is secured with ribbons on both sides, allowing for adjustable fitting to the face.<\/p>\n<p style=\"text-align: center;\" data-start=\"665\" data-end=\"754\">It comes in a variety of colors, making it easy to match with different outfits or moods.<\/p>\n<p>&nbsp;<\/p>\n<p style=\"text-align: center;\" data-start=\"756\" data-end=\"836\"><br data-start=\"766\" data-end=\"769\" \/>Ribbon \u00d7 Main Mask \u00d7 Ribbon: 26 \u00d7 21 \u00d7 26<br data-start=\"810\" data-end=\"813\" \/>Left \u00d7 Right: 10 \u00d7 15<\/p>\n","protected":false},"excerpt":{"rendered":"<p>\uc740\uc0c9 \uceec\ub7ec \ub808\uc774\uc2a4 \ud30c\ud2f0 \ub9c8\uc2a4\ud06c \/ \uac00\uba74 \uc18c\ud488 \ud560\ub85c\uc708 \ud589\uc0ac \ucd95\uc81c &nbsp; \ud560\ub85c\uc708 \ub370\uc774, \ud30c\ud2f0, \ucd2c\uc601 \ub4f1 \ub2e4\uc591\ud55c \uc0c1\ud669\uc5d0\uc11c \ud65c\uc6a9\ud558\uae30<\/p>\n","protected":false},"featured_media":25351,"comment_status":"open","ping_status":"closed","template":"","meta":[],"product_brand":[],"product_cat":[90,123],"product_tag":[],"class_list":{"0":"post-25349","1":"product","2":"type-product","3":"status-publish","4":"has-post-thumbnail","6":"product_cat-90","7":"product_cat-123","9":"first","10":"instock","11":"shipping-taxable","12":"purchasable","13":"product-type-simple"},"_links":{"self":[{"href":"https:\/\/47prayer.com\/index.php?rest_route=\/wp\/v2\/product\/25349","targetHints":{"allow":["GET"]}}],"collection":[{"href":"https:\/\/47prayer.com\/index.php?rest_route=\/wp\/v2\/product"}],"about":[{"href":"https:\/\/47prayer.com\/index.php?rest_route=\/wp\/v2\/types\/product"}],"replies":[{"embeddable":true,"href":"https:\/\/47prayer.com\/index.php?rest_route=%2Fwp%2Fv2%2Fcomments&post=25349"}],"version-history":[{"count":2,"href":"https:\/\/47prayer.com\/index.php?rest_route=\/wp\/v2\/product\/25349\/revisions"}],"predecessor-version":[{"id":25356,"href":"https:\/\/47prayer.com\/index.php?rest_route=\/wp\/v2\/product\/25349\/revisions\/25356"}],"wp:featuredmedia":[{"embeddable":true,"href":"https:\/\/47prayer.com\/index.php?rest_route=\/wp\/v2\/media\/25351"}],"wp:attachment":[{"href":"https:\/\/47prayer.com\/index.php?rest_route=%2Fwp%2Fv2%2Fmedia&parent=25349"}],"wp:term":[{"taxonomy":"product_brand","embeddable":true,"href":"https:\/\/47prayer.com\/index.php?rest_route=%2Fwp%2Fv2%2Fproduct_brand&post=25349"},{"taxonomy":"product_cat","embeddable":true,"href":"https:\/\/47prayer.com\/index.php?rest_route=%2Fwp%2Fv2%2Fproduct_cat&post=25349"},{"taxonomy":"product_tag","embeddable":true,"href":"https:\/\/47prayer.com\/index.php?rest_route=%2Fwp%2Fv2%2Fproduct_tag&post=25349"}],"curies":[{"name":"wp","href":"https:\/\/api.w.org\/{rel}","templated":true}]}}